{"id":16,"date":"2023-02-06T01:35:56","date_gmt":"2023-02-06T01:35:56","guid":{"rendered":"https:\/\/darmtopf.de\/?page_id=16"},"modified":"2025-07-08T11:16:24","modified_gmt":"2025-07-08T11:16:24","slug":"startseite","status":"publish","type":"page","link":"https:\/\/darmtopf.de\/en\/","title":{"rendered":"Home"},"content":{"rendered":"","protected":false},"excerpt":{"rendered":"","protected":false},"author":7,"featured_media":0,"parent":0,"menu_order":0,"comment_status":"closed","ping_status":"closed","template":"","meta":{"_seopress_robots_primary_cat":"","_seopress_titles_title":"DarmTopf \u2013 Dein Weg zu mehr Energie, Zellgesundheit & Vitalit\u00e4t","_seopress_titles_desc":"Dein Einstieg in ganzheitliche Gesundheit. Erfahre, wie Darm, Zellen & Vitalit\u00e4t zusammenh\u00e4ngen. Mit dem VitalCheck & hochwertigen FitLine Produkten zu mehr Energie und Wohlbefinden.","_seopress_robots_index":"","footnotes":""},"class_list":["post-16","page","type-page","status-publish","hentry"],"_links":{"self":[{"href":"https:\/\/darmtopf.de\/en\/wp-json\/wp\/v2\/pages\/16","targetHints":{"allow":["GET"]}}],"collection":[{"href":"https:\/\/darmtopf.de\/en\/wp-json\/wp\/v2\/pages"}],"about":[{"href":"https:\/\/darmtopf.de\/en\/wp-json\/wp\/v2\/types\/page"}],"author":[{"embeddable":true,"href":"https:\/\/darmtopf.de\/en\/wp-json\/wp\/v2\/users\/7"}],"replies":[{"embeddable":true,"href":"https:\/\/darmtopf.de\/en\/wp-json\/wp\/v2\/comments?post=16"}],"version-history":[{"count":0,"href":"https:\/\/darmtopf.de\/en\/wp-json\/wp\/v2\/pages\/16\/revisions"}],"wp:attachment":[{"href":"https:\/\/darmtopf.de\/en\/wp-json\/wp\/v2\/media?parent=16"}],"curies":[{"name":"wp","href":"https:\/\/api.w.org\/{rel}","templated":true}]}}